{"id":93,"date":"2025-06-09T15:26:00","date_gmt":"2025-06-09T15:26:00","guid":{"rendered":"https:\/\/beta.akaaexpo.fi\/?page_id=93"},"modified":"2026-03-30T09:56:47","modified_gmt":"2026-03-30T09:56:47","slug":"etusivu-2","status":"publish","type":"page","link":"https:\/\/www.akaaexpo.fi\/en\/","title":{"rendered":"Home"},"content":{"rendered":"<div data-elementor-type=\"wp-page\" data-elementor-id=\"93\" class=\"elementor elementor-93\" data-elementor-post-type=\"page\">\n\t\t\t\t<div class=\"elementor-element elementor-element-c614af1 e-flex e-con-boxed e-con e-parent\" data-id=\"c614af1\" data-element_type=\"container\" data-settings=\"{&quot;background_background&quot;:&quot;classic&quot;}\">\n\t\t\t\t\t<div class=\"e-con-inner\">\n\t\t\t\t<div class=\"elementor-element elementor-element-b04ba03 elementor-widget elementor-widget-image\" data-id=\"b04ba03\" data-element_type=\"widget\" data-widget_type=\"image.default\">\n\t\t\t\t\t\t\t\t\t\t\t\t\t\t\t<img alt=\"\" fetchpriority=\"high\" decoding=\"async\" width=\"1000\" height=\"903\" src=\"https:\/\/www.akaaexpo.fi\/wp-content\/uploads\/2025\/06\/akaaexpo_logo_transparent-e1768920697565.png\" class=\"attachment-full size-full wp-image-92\" srcset=\"https:\/\/www.akaaexpo.fi\/wp-content\/uploads\/2025\/06\/akaaexpo_logo_transparent-e1768920697565.png 1000w, https:\/\/www.akaaexpo.fi\/wp-content\/uploads\/2025\/06\/akaaexpo_logo_transparent-e1768920697565-300x271.png 300w, https:\/\/www.akaaexpo.fi\/wp-content\/uploads\/2025\/06\/akaaexpo_logo_transparent-e1768920697565-768x694.png 768w\" sizes=\"(max-width: 1000px) 100vw, 1000px\" \/>\t\t\t\t\t\t\t\t\t\t\t\t\t\t\t<\/div>\n\t\t<div class=\"elementor-element elementor-element-6677b4b e-con-full e-flex e-con e-child\" data-id=\"6677b4b\" data-element_type=\"container\">\n\t\t\t\t<div class=\"elementor-element elementor-element-b22ba67 elementor-widget elementor-widget-heading\" data-id=\"b22ba67\" data-element_type=\"widget\" data-widget_type=\"heading.default\">\n\t\t\t\t\t<h2 class=\"elementor-heading-title elementor-size-default\">The event for 2026 has been cancelled<\/h2>\t\t\t\t<\/div>\n\t\t\t\t<div class=\"elementor-element elementor-element-e5c68d2 elementor-widget elementor-widget-text-editor\" data-id=\"e5c68d2\" data-element_type=\"widget\" data-widget_type=\"text-editor.default\">\n\t\t\t\t\t\t\t\t\t<p>We regret to inform, that we to cancel the event for 2026. We\u2019re sorry for any inconvenience this change may cause.<\/p>\t\t\t\t\t\t\t\t<\/div>\n\t\t\t\t<\/div>\n\t\t\t\t\t<\/div>\n\t\t\t\t<\/div>\n\t\t<div class=\"elementor-element elementor-element-8ad9d92 e-flex e-con-boxed e-con e-parent\" data-id=\"8ad9d92\" data-element_type=\"container\">\n\t\t\t\t\t<div class=\"e-con-inner\">\n\t\t\t\t<div class=\"elementor-element elementor-element-6d242db elementor-widget elementor-widget-heading\" data-id=\"6d242db\" data-element_type=\"widget\" data-widget_type=\"heading.default\">\n\t\t\t\t\t<h2 class=\"elementor-heading-title elementor-size-default\">Sponsors<\/h2>\t\t\t\t<\/div>\n\t\t\t\t<div class=\"elementor-element elementor-element-3466d51 elementor-grid-3 elementor-grid-tablet-2 elementor-grid-mobile-1 elementor-widget elementor-widget-loop-grid\" data-id=\"3466d51\" data-element_type=\"widget\" data-settings=\"{&quot;template_id&quot;:540,&quot;_skin&quot;:&quot;post&quot;,&quot;columns&quot;:&quot;3&quot;,&quot;columns_tablet&quot;:&quot;2&quot;,&quot;columns_mobile&quot;:&quot;1&quot;,&quot;edit_handle_selector&quot;:&quot;[data-elementor-type=\\&quot;loop-item\\&quot;]&quot;,&quot;row_gap&quot;:{&quot;unit&quot;:&quot;px&quot;,&quot;size&quot;:&quot;&quot;,&quot;sizes&quot;:[]},&quot;row_gap_tablet&quot;:{&quot;unit&quot;:&quot;px&quot;,&quot;size&quot;:&quot;&quot;,&quot;sizes&quot;:[]},&quot;row_gap_mobile&quot;:{&quot;unit&quot;:&quot;px&quot;,&quot;size&quot;:&quot;&quot;,&quot;sizes&quot;:[]}}\" data-widget_type=\"loop-grid.post\">\n\t\t\t\t<div class=\"elementor-widget-container\">\n\t\t\t\t\t\t\t<div class=\"elementor-loop-container elementor-grid\" role=\"list\">\n\t\t<style id=\"loop-540\">.elementor-540 .elementor-element.elementor-element-108fcd3{--display:flex;--justify-content:center;--align-items:center;--container-widget-width:calc( ( 1 - var( --container-widget-flex-grow ) ) * 100% );}.elementor-540 .elementor-element.elementor-element-8e3739b img{width:100%;max-width:300px;}@media(min-width:768px){.elementor-540 .elementor-element.elementor-element-108fcd3{--content-width:300px;}}\/* Start custom CSS for container, class: .elementor-element-108fcd3 *\/.elementor-540 .elementor-element.elementor-element-108fcd3 img {\n    max-height:180px;\n}\/* End custom CSS *\/<\/style>\t\t<div data-elementor-type=\"loop-item\" data-elementor-id=\"540\" class=\"elementor elementor-540 e-loop-item e-loop-item-598 post-598 kumppani type-kumppani status-publish hentry kumppanityyppi-sponsori\" data-elementor-post-type=\"elementor_library\" data-custom-edit-handle=\"1\">\n\t\t\t<div class=\"elementor-element elementor-element-108fcd3 e-flex e-con-boxed e-con e-parent\" data-id=\"108fcd3\" data-element_type=\"container\">\n\t\t\t\t\t<div class=\"e-con-inner\">\n\t\t\t\t<div class=\"elementor-element elementor-element-8e3739b elementor-widget elementor-widget-image\" data-id=\"8e3739b\" data-element_type=\"widget\" data-widget_type=\"image.default\">\n\t\t\t\t\t\t\t\t\t\t\t\t\t\t\t<img alt=\"\" decoding=\"async\" width=\"500\" height=\"250\" src=\"https:\/\/www.akaaexpo.fi\/wp-content\/uploads\/2026\/02\/MarRent.png\" class=\"attachment-full size-full wp-image-599\" srcset=\"https:\/\/www.akaaexpo.fi\/wp-content\/uploads\/2026\/02\/MarRent.png 500w, https:\/\/www.akaaexpo.fi\/wp-content\/uploads\/2026\/02\/MarRent-300x150.png 300w, https:\/\/www.akaaexpo.fi\/wp-content\/uploads\/2026\/02\/MarRent-18x9.png 18w\" sizes=\"(max-width: 500px) 100vw, 500px\" \/>\t\t\t\t\t\t\t\t\t\t\t\t\t\t\t<\/div>\n\t\t\t\t\t<\/div>\n\t\t\t\t<\/div>\n\t\t\t\t<\/div>\n\t\t\t\t<div data-elementor-type=\"loop-item\" data-elementor-id=\"540\" class=\"elementor elementor-540 e-loop-item e-loop-item-588 post-588 kumppani type-kumppani status-publish hentry kumppanityyppi-sponsori\" data-elementor-post-type=\"elementor_library\" data-custom-edit-handle=\"1\">\n\t\t\t<div class=\"elementor-element elementor-element-108fcd3 e-flex e-con-boxed e-con e-parent\" data-id=\"108fcd3\" data-element_type=\"container\">\n\t\t\t\t\t<div class=\"e-con-inner\">\n\t\t\t\t<div class=\"elementor-element elementor-element-8e3739b elementor-widget elementor-widget-image\" data-id=\"8e3739b\" data-element_type=\"widget\" data-widget_type=\"image.default\">\n\t\t\t\t\t\t\t\t\t\t\t\t\t\t\t<img alt=\"\" decoding=\"async\" width=\"1920\" height=\"1920\" src=\"https:\/\/www.akaaexpo.fi\/wp-content\/uploads\/2026\/02\/Valkoinen.svg\" class=\"attachment-full size-full wp-image-591\" \/>\t\t\t\t\t\t\t\t\t\t\t\t\t\t\t<\/div>\n\t\t\t\t\t<\/div>\n\t\t\t\t<\/div>\n\t\t\t\t<\/div>\n\t\t\t\t<div data-elementor-type=\"loop-item\" data-elementor-id=\"540\" class=\"elementor elementor-540 e-loop-item e-loop-item-244 post-244 kumppani type-kumppani status-publish hentry kumppanityyppi-sponsori\" data-elementor-post-type=\"elementor_library\" data-custom-edit-handle=\"1\">\n\t\t\t<div class=\"elementor-element elementor-element-108fcd3 e-flex e-con-boxed e-con e-parent\" data-id=\"108fcd3\" data-element_type=\"container\">\n\t\t\t\t\t<div class=\"e-con-inner\">\n\t\t\t\t<div class=\"elementor-element elementor-element-8e3739b elementor-widget elementor-widget-image\" data-id=\"8e3739b\" data-element_type=\"widget\" data-widget_type=\"image.default\">\n\t\t\t\t\t\t\t\t\t\t\t\t\t\t\t<img alt=\"\" loading=\"lazy\" decoding=\"async\" width=\"466\" height=\"100\" src=\"https:\/\/www.akaaexpo.fi\/wp-content\/uploads\/2026\/01\/bittivirta-logo-light.svg\" class=\"attachment-full size-full wp-image-552\" \/>\t\t\t\t\t\t\t\t\t\t\t\t\t\t\t<\/div>\n\t\t\t\t\t<\/div>\n\t\t\t\t<\/div>\n\t\t\t\t<\/div>\n\t\t\t\t<div data-elementor-type=\"loop-item\" data-elementor-id=\"540\" class=\"elementor elementor-540 e-loop-item e-loop-item-274 post-274 kumppani type-kumppani status-publish hentry kumppanityyppi-sponsori\" data-elementor-post-type=\"elementor_library\" data-custom-edit-handle=\"1\">\n\t\t\t<div class=\"elementor-element elementor-element-108fcd3 e-flex e-con-boxed e-con e-parent\" data-id=\"108fcd3\" data-element_type=\"container\">\n\t\t\t\t\t<div class=\"e-con-inner\">\n\t\t\t\t<div class=\"elementor-element elementor-element-8e3739b elementor-widget elementor-widget-image\" data-id=\"8e3739b\" data-element_type=\"widget\" data-widget_type=\"image.default\">\n\t\t\t\t\t\t\t\t\t\t\t\t\t\t\t<img alt=\"\" loading=\"lazy\" decoding=\"async\" width=\"2689\" height=\"1327\" src=\"https:\/\/www.akaaexpo.fi\/wp-content\/uploads\/2026\/01\/akaa-logo-white.svg\" class=\"attachment-full size-full wp-image-555\" \/>\t\t\t\t\t\t\t\t\t\t\t\t\t\t\t<\/div>\n\t\t\t\t\t<\/div>\n\t\t\t\t<\/div>\n\t\t\t\t<\/div>\n\t\t\t\t<\/div>\n\t\t\n\t\t\t\t\t\t<\/div>\n\t\t\t\t<\/div>\n\t\t\t\t\t<\/div>\n\t\t\t\t<\/div>\n\t\t<div class=\"elementor-element elementor-element-8962925 e-flex e-con-boxed e-con e-parent\" data-id=\"8962925\" data-element_type=\"container\">\n\t\t\t\t\t<div class=\"e-con-inner\">\n\t\t\t\t<div class=\"elementor-element elementor-element-b8cecf2 elementor-widget elementor-widget-heading\" data-id=\"b8cecf2\" data-element_type=\"widget\" data-widget_type=\"heading.default\">\n\t\t\t\t\t<h2 class=\"elementor-heading-title elementor-size-default\">In cooperation<\/h2>\t\t\t\t<\/div>\n\t\t\t\t<div class=\"elementor-element elementor-element-bc8b631 elementor-grid-6 elementor-grid-tablet-2 elementor-grid-mobile-1 elementor-widget elementor-widget-loop-grid\" data-id=\"bc8b631\" data-element_type=\"widget\" data-settings=\"{&quot;template_id&quot;:254,&quot;columns&quot;:6,&quot;_skin&quot;:&quot;post&quot;,&quot;columns_tablet&quot;:&quot;2&quot;,&quot;columns_mobile&quot;:&quot;1&quot;,&quot;edit_handle_selector&quot;:&quot;[data-elementor-type=\\&quot;loop-item\\&quot;]&quot;,&quot;row_gap&quot;:{&quot;unit&quot;:&quot;px&quot;,&quot;size&quot;:&quot;&quot;,&quot;sizes&quot;:[]},&quot;row_gap_tablet&quot;:{&quot;unit&quot;:&quot;px&quot;,&quot;size&quot;:&quot;&quot;,&quot;sizes&quot;:[]},&quot;row_gap_mobile&quot;:{&quot;unit&quot;:&quot;px&quot;,&quot;size&quot;:&quot;&quot;,&quot;sizes&quot;:[]}}\" data-widget_type=\"loop-grid.post\">\n\t\t\t\t<div class=\"elementor-widget-container\">\n\t\t\t\t\t\t\t<div class=\"elementor-loop-container elementor-grid\" role=\"list\">\n\t\t<style id=\"loop-254\">.elementor-254 .elementor-element.elementor-element-b70544e{--display:flex;--justify-content:center;--align-items:center;--container-widget-width:calc( ( 1 - var( --container-widget-flex-grow ) ) * 100% );}.elementor-254 .elementor-element.elementor-element-981eda2 img{width:100%;max-width:300px;}@media(min-width:768px){.elementor-254 .elementor-element.elementor-element-b70544e{--content-width:200px;}}<\/style>\t\t<div data-elementor-type=\"loop-item\" data-elementor-id=\"254\" class=\"elementor elementor-254 e-loop-item e-loop-item-276 post-276 kumppani type-kumppani status-publish hentry kumppanityyppi-yhteistyo\" data-elementor-post-type=\"elementor_library\" data-custom-edit-handle=\"1\">\n\t\t\t<div class=\"elementor-element elementor-element-b70544e e-flex e-con-boxed e-con e-parent\" data-id=\"b70544e\" data-element_type=\"container\">\n\t\t\t\t\t<div class=\"e-con-inner\">\n\t\t\t\t<div class=\"elementor-element elementor-element-981eda2 elementor-widget elementor-widget-image\" data-id=\"981eda2\" data-element_type=\"widget\" data-widget_type=\"image.default\">\n\t\t\t\t\t\t\t\t\t\t\t\t\t\t\t<img alt=\"\" loading=\"lazy\" decoding=\"async\" width=\"926\" height=\"155\" src=\"https:\/\/www.akaaexpo.fi\/wp-content\/uploads\/2026\/01\/tcg-kauppa-white.png\" class=\"attachment-full size-full wp-image-550\" srcset=\"https:\/\/www.akaaexpo.fi\/wp-content\/uploads\/2026\/01\/tcg-kauppa-white.png 926w, https:\/\/www.akaaexpo.fi\/wp-content\/uploads\/2026\/01\/tcg-kauppa-white-300x50.png 300w, https:\/\/www.akaaexpo.fi\/wp-content\/uploads\/2026\/01\/tcg-kauppa-white-768x129.png 768w, https:\/\/www.akaaexpo.fi\/wp-content\/uploads\/2026\/01\/tcg-kauppa-white-18x3.png 18w\" sizes=\"(max-width: 926px) 100vw, 926px\" \/>\t\t\t\t\t\t\t\t\t\t\t\t\t\t\t<\/div>\n\t\t\t\t\t<\/div>\n\t\t\t\t<\/div>\n\t\t\t\t<\/div>\n\t\t\t\t<div data-elementor-type=\"loop-item\" data-elementor-id=\"254\" class=\"elementor elementor-254 e-loop-item e-loop-item-343 post-343 kumppani type-kumppani status-publish hentry kumppanityyppi-yhteistyo\" data-elementor-post-type=\"elementor_library\" data-custom-edit-handle=\"1\">\n\t\t\t<div class=\"elementor-element elementor-element-b70544e e-flex e-con-boxed e-con e-parent\" data-id=\"b70544e\" data-element_type=\"container\">\n\t\t\t\t\t<div class=\"e-con-inner\">\n\t\t\t\t<div class=\"elementor-element elementor-element-981eda2 elementor-widget elementor-widget-image\" data-id=\"981eda2\" data-element_type=\"widget\" data-widget_type=\"image.default\">\n\t\t\t\t\t\t\t\t\t\t\t\t\t\t\t<img alt=\"\" loading=\"lazy\" decoding=\"async\" width=\"1203\" height=\"570\" src=\"https:\/\/www.akaaexpo.fi\/wp-content\/uploads\/2026\/01\/korttistoppi_logo_alt.png\" class=\"attachment-full size-full wp-image-538\" srcset=\"https:\/\/www.akaaexpo.fi\/wp-content\/uploads\/2026\/01\/korttistoppi_logo_alt.png 1203w, https:\/\/www.akaaexpo.fi\/wp-content\/uploads\/2026\/01\/korttistoppi_logo_alt-300x142.png 300w, https:\/\/www.akaaexpo.fi\/wp-content\/uploads\/2026\/01\/korttistoppi_logo_alt-1024x485.png 1024w, https:\/\/www.akaaexpo.fi\/wp-content\/uploads\/2026\/01\/korttistoppi_logo_alt-768x364.png 768w, https:\/\/www.akaaexpo.fi\/wp-content\/uploads\/2026\/01\/korttistoppi_logo_alt-18x9.png 18w, https:\/\/www.akaaexpo.fi\/wp-content\/uploads\/2026\/01\/korttistoppi_logo_alt-1200x570.png 1200w\" sizes=\"(max-width: 1203px) 100vw, 1203px\" \/>\t\t\t\t\t\t\t\t\t\t\t\t\t\t\t<\/div>\n\t\t\t\t\t<\/div>\n\t\t\t\t<\/div>\n\t\t\t\t<\/div>\n\t\t\t\t<div data-elementor-type=\"loop-item\" data-elementor-id=\"254\" class=\"elementor elementor-254 e-loop-item e-loop-item-616 post-616 kumppani type-kumppani status-publish hentry kumppanityyppi-yhteistyo\" data-elementor-post-type=\"elementor_library\" data-custom-edit-handle=\"1\">\n\t\t\t<div class=\"elementor-element elementor-element-b70544e e-flex e-con-boxed e-con e-parent\" data-id=\"b70544e\" data-element_type=\"container\">\n\t\t\t\t\t<div class=\"e-con-inner\">\n\t\t\t\t<div class=\"elementor-element elementor-element-981eda2 elementor-widget elementor-widget-image\" data-id=\"981eda2\" data-element_type=\"widget\" data-widget_type=\"image.default\">\n\t\t\t\t\t\t\t\t\t\t\t\t\t\t\t<img alt=\"\" loading=\"lazy\" decoding=\"async\" width=\"2251\" height=\"928\" src=\"https:\/\/www.akaaexpo.fi\/wp-content\/uploads\/2026\/01\/logo-hotel-ackas-white.svg\" class=\"attachment-full size-full wp-image-527\" \/>\t\t\t\t\t\t\t\t\t\t\t\t\t\t\t<\/div>\n\t\t\t\t\t<\/div>\n\t\t\t\t<\/div>\n\t\t\t\t<\/div>\n\t\t\t\t<\/div>\n\t\t\n\t\t\t\t\t\t<\/div>\n\t\t\t\t<\/div>\n\t\t\t\t\t<\/div>\n\t\t\t\t<\/div>\n\t\t\t\t<\/div>","protected":false},"excerpt":{"rendered":"<p>Vuoden 2026 tapahtuma peruttu. Joudumme valitettavasti ilmoittamaan, ett\u00e4 vuoden 2026 tapahtuma on peruttu. Pahoittelemme tilannetta. Sponsorit Yhteisty\u00f6ss\u00e4<\/p>","protected":false},"author":1,"featured_media":0,"parent":0,"menu_order":0,"comment_status":"closed","ping_status":"closed","template":"","meta":{"_acf_changed":false,"_seopress_robots_primary_cat":"","_seopress_titles_title":"","_seopress_titles_desc":"","_seopress_robots_index":"","footnotes":""},"class_list":["post-93","page","type-page","status-publish","hentry"],"acf":[],"_links":{"self":[{"href":"https:\/\/www.akaaexpo.fi\/en\/wp-json\/wp\/v2\/pages\/93","targetHints":{"allow":["GET"]}}],"collection":[{"href":"https:\/\/www.akaaexpo.fi\/en\/wp-json\/wp\/v2\/pages"}],"about":[{"href":"https:\/\/www.akaaexpo.fi\/en\/wp-json\/wp\/v2\/types\/page"}],"author":[{"embeddable":true,"href":"https:\/\/www.akaaexpo.fi\/en\/wp-json\/wp\/v2\/users\/1"}],"replies":[{"embeddable":true,"href":"https:\/\/www.akaaexpo.fi\/en\/wp-json\/wp\/v2\/comments?post=93"}],"version-history":[{"count":124,"href":"https:\/\/www.akaaexpo.fi\/en\/wp-json\/wp\/v2\/pages\/93\/revisions"}],"predecessor-version":[{"id":615,"href":"https:\/\/www.akaaexpo.fi\/en\/wp-json\/wp\/v2\/pages\/93\/revisions\/615"}],"wp:attachment":[{"href":"https:\/\/www.akaaexpo.fi\/en\/wp-json\/wp\/v2\/media?parent=93"}],"curies":[{"name":"wp","href":"https:\/\/api.w.org\/{rel}","templated":true}]}}